
{"id":12648,"date":"2025-09-30T12:28:43","date_gmt":"2025-09-30T18:28:43","guid":{"rendered":"https:\/\/centrodecirugia.org\/?page_id=12648"},"modified":"2025-09-30T20:24:52","modified_gmt":"2025-10-01T02:24:52","slug":"analiticas-camina-por-ellos","status":"publish","type":"page","link":"https:\/\/centrodecirugia.org\/en\/analiticas-camina-por-ellos\/","title":{"rendered":"Anal\u00edticas Camina Por Ellos"},"content":{"rendered":"<style>.elementor-12648 .elementor-element.elementor-element-a720d48{--display:flex;--flex-direction:column;--container-widget-width:100%;--container-widget-height:initial;--container-widget-flex-grow:0;--container-widget-align-self:initial;--flex-wrap-mobile:wrap;}.elementor-12648 .elementor-element.elementor-element-df812cd{--display:flex;--flex-direction:column;--container-widget-width:100%;--container-widget-height:initial;--container-widget-flex-grow:0;--container-widget-align-self:initial;--flex-wrap-mobile:wrap;}.elementor-12648 .elementor-element.elementor-element-a5abfea{--display:flex;--flex-direction:column;--container-widget-width:100%;--container-widget-height:initial;--container-widget-flex-grow:0;--container-widget-align-self:initial;--flex-wrap-mobile:wrap;}.elementor-12648 .elementor-element.elementor-element-e75fc06{--display:flex;--flex-direction:column;--container-widget-width:100%;--container-widget-height:initial;--container-widget-flex-grow:0;--container-widget-align-self:initial;--flex-wrap-mobile:wrap;}:root{--page-title-display:none;}<\/style>\t\t<div data-elementor-type=\"wp-page\" data-elementor-id=\"12648\" class=\"elementor elementor-12648\" data-elementor-post-type=\"page\">\n\t\t\t\t<div class=\"elementor-element elementor-element-a720d48 e-flex e-con-boxed jltma-glass-effect-no e-con e-parent\" data-id=\"a720d48\" data-element_type=\"container\" data-e-type=\"container\" data-settings=\"{&quot;jet_parallax_layout_list&quot;:[]}\">\n\t\t\t\t\t<div class=\"e-con-inner\">\n\t\t\t\t<div class=\"elementor-element elementor-element-05fcea0 jltma-glass-effect-no elementor-widget elementor-widget-html\" data-id=\"05fcea0\" data-element_type=\"widget\" data-e-type=\"widget\" data-widget_type=\"html.default\">\n\t\t\t\t<div class=\"elementor-widget-container\">\n\t\t\t\t\t<!DOCTYPE html>\n<html lang=\"es\">\n<head>\n    <meta charset=\"UTF-8\">\n    <meta name=\"viewport\" content=\"width=device-width, initial-scale=1.0\">\n    <title>Estad\u00edsticas Diarias<\/title>\n    <style>\n        body {\n            font-family: Arial, sans-serif;\n            background-color: #f4f7fa;\n            display: flex;\n            flex-direction: column;\n            align-items: center;\n            padding: 20px;\n            color: #283A8B; \/* Texto en color #283A8B *\/\n        }\n\n        h1 {\n            text-align: center;\n            color: #283A8B;\n            margin-bottom: 40px;\n            font-weight: bold;\n        }\n\n        .section-title {\n            font-size: 1.5rem;\n            font-weight: bold;\n            color: #283A8B;\n            margin-top: 40px;\n            margin-bottom: 20px;\n            text-align: center; \/* Centrado del t\u00edtulo *\/\n        }\n\n        .counter-container {\n            display: flex;\n            flex-wrap: wrap;\n            justify-content: center;\n            gap: 30px;\n        }\n\n        .counter {\n            background-color: #fff;\n            border-radius: 10px;\n            padding: 20px;\n            text-align: center;\n            width: 200px;\n            box-shadow: 0 4px 6px rgba(0, 0, 0, 0.1);\n        }\n\n        .counter .value {\n            font-size: 1.5rem;\n            font-weight: bold;\n            margin-bottom: 10px;\n        }\n    <\/style>\n<\/head>\n<body>\n    <h1>Estad\u00edsticas Diarias de la Campa\u00f1a \"100 Ni\u00f1os 100 Historias\"<\/h1>\n\n    <!-- Estad\u00edsticas Diarias -->\n    <div class=\"section-title\">Estad\u00edsticas Diarias<\/div>\n    <div class=\"counter-container\">\n        <div class=\"counter\">\n            <div class=\"value\" id=\"num-participantes\">500<\/div>\n            <div>\ud83d\udc65 N\u00famero de Participantes<\/div>\n        <\/div>\n\n        <div class=\"counter\">\n            <div class=\"value\" id=\"mujeres\">250<\/div>\n            <div>\ud83d\udc69 Mujeres<\/div>\n        <\/div>\n\n        <div class=\"counter\">\n            <div class=\"value\" id=\"hombres\">250<\/div>\n            <div>\ud83d\udc68 Hombres<\/div>\n        <\/div>\n\n        <div class=\"counter\">\n            <div class=\"value\" id=\"ciudades\">10<\/div>\n            <div>\ud83c\udfd9\ufe0f Ciudades<\/div>\n        <\/div>\n\n        <div class=\"counter\">\n            <div class=\"value\" id=\"pais\">5<\/div>\n            <div>\ud83c\udf0d Pa\u00edses<\/div>\n        <\/div>\n\n        <div class=\"counter\">\n            <div class=\"value\" id=\"pasos\">717,960<\/div>\n            <div>\ud83d\udc63 Pasos realizados<\/div>\n        <\/div>\n\n        <div class=\"counter\">\n            <div class=\"value\" id=\"km-recorridos\">1,005<\/div>\n            <div>\ud83d\udeb6 Km recorridos<\/div>\n        <\/div>\n\n        <div class=\"counter\">\n            <div class=\"value\" id=\"km-faltantes\">98,995<\/div>\n            <div>\ud83c\udfc1 Km faltantes para 100,000<\/div>\n        <\/div>\n    <\/div>\n\n<\/body>\n<\/html>\n\t\t\t\t<\/div>\n\t\t\t\t<\/div>\n\t\t\t\t\t<\/div>\n\t\t\t\t<\/div>\n\t\t<div class=\"elementor-element elementor-element-df812cd e-flex e-con-boxed jltma-glass-effect-no e-con e-parent\" data-id=\"df812cd\" data-element_type=\"container\" data-e-type=\"container\" data-settings=\"{&quot;jet_parallax_layout_list&quot;:[]}\">\n\t\t\t\t\t<div class=\"e-con-inner\">\n\t\t\t\t<div class=\"elementor-element elementor-element-0207585 jltma-glass-effect-no elementor-widget elementor-widget-html\" data-id=\"0207585\" data-element_type=\"widget\" data-e-type=\"widget\" data-widget_type=\"html.default\">\n\t\t\t\t<div class=\"elementor-widget-container\">\n\t\t\t\t\t<!DOCTYPE html>\n<html lang=\"es\">\n<head>\n    <meta charset=\"UTF-8\">\n    <meta name=\"viewport\" content=\"width=device-width, initial-scale=1.0\">\n    <title>Datos de la Campa\u00f1a \"100 Ni\u00f1os 100 Historias\"<\/title>\n    <style>\n        body {\n            font-family: Arial, sans-serif;\n            background-color: #f4f7fa;\n            display: flex;\n            flex-direction: column;\n            align-items: center;\n            padding: 20px;\n            color: #283A8B; \/* Texto en color #283A8B *\/\n        }\n\n        h1 {\n            text-align: center;\n            color: #283A8B;\n            margin-bottom: 40px;\n            font-weight: bold;\n        }\n\n        .section-title {\n            font-size: 1.5rem;\n            font-weight: bold;\n            color: #283A8B;\n            margin-top: 40px;\n            margin-bottom: 20px;\n            text-align: center; \/* Centrado del t\u00edtulo *\/\n        }\n\n        .counter-container {\n            display: flex;\n            flex-wrap: wrap;\n            justify-content: center;\n            gap: 30px;\n        }\n\n        .counter {\n            background-color: #fff;\n            border-radius: 10px;\n            padding: 20px;\n            text-align: center;\n            width: 200px;\n            box-shadow: 0 4px 6px rgba(0, 0, 0, 0.1);\n        }\n\n        .counter .value {\n            font-size: 1.5rem;\n            font-weight: bold;\n            margin-bottom: 10px;\n        }\n    <\/style>\n<\/head>\n<body>\n    <h1>Datos de la Campa\u00f1a \"100 Ni\u00f1os 100 Historias\"<\/h1>\n\n    <!-- Datos de la Campa\u00f1a -->\n    <\/div>\n    <div class=\"counter-container\">\n        <div class=\"counter\">\n            <div class=\"value\" id=\"ni\u00f1os-operados-agosto\">50<\/div>\n            <div>\ud83e\ude7a Ni\u00f1os operados en agosto<\/div>\n        <\/div>\n\n        <div class=\"counter\">\n            <div class=\"value\" id=\"ni\u00f1os-operados-septiembre\">60<\/div>\n            <div>\ud83c\udfe5 Ni\u00f1os operados en septiembre<\/div>\n        <\/div>\n\n        <div class=\"counter\">\n            <div class=\"value\" id=\"casos-operados\">120<\/div>\n            <div>\ud83d\udccb Casos operados<\/div>\n        <\/div>\n\n        <div class=\"counter\">\n            <div class=\"value\" id=\"ni\u00f1os-operados\">80<\/div>\n            <div>\ud83d\udc66 Ni\u00f1os operados<\/div>\n        <\/div>\n\n        <div class=\"counter\">\n            <div class=\"value\" id=\"ni\u00f1as-operadas\">40<\/div>\n            <div>\ud83d\udc67 Ni\u00f1as operadas<\/div>\n        <\/div>\n\n        <div class=\"counter\">\n            <div class=\"value\" id=\"ciudades-campa\u00f1a\">6<\/div>\n            <div>\ud83c\udf06 Ciudades<\/div>\n        <\/div>\n\n        <div class=\"counter\">\n            <div class=\"value\" id=\"pais-campa\u00f1a\">4<\/div>\n            <div>\ud83c\udf10 Pa\u00edses<\/div>\n        <\/div>\n\n        <div class=\"counter\">\n            <div class=\"value\" id=\"correcciones\">150<\/div>\n            <div>\ud83e\ude79 Correcciones realizadas<\/div>\n        <\/div>\n\n        <div class=\"counter\">\n            <div class=\"value\" id=\"promedio-correcciones\">2<\/div>\n            <div>\u2705 Promedio de correcciones por ni\u00f1o<\/div>\n        <\/div>\n\n        <div class=\"counter\">\n            <div class=\"value\" id=\"ni\u00f1os-pendientes\">20<\/div>\n            <div>\u23f3 Ni\u00f1os pendientes por operar<\/div>\n        <\/div>\n    <\/div>\n\n<\/body>\n<\/html>\n\t\t\t\t<\/div>\n\t\t\t\t<\/div>\n\t\t\t\t\t<\/div>\n\t\t\t\t<\/div>\n\t\t<div class=\"elementor-element elementor-element-a5abfea e-flex e-con-boxed jltma-glass-effect-no e-con e-parent\" data-id=\"a5abfea\" data-element_type=\"container\" data-e-type=\"container\" data-settings=\"{&quot;jet_parallax_layout_list&quot;:[]}\">\n\t\t\t\t\t<div class=\"e-con-inner\">\n\t\t\t\t<div class=\"elementor-element elementor-element-2967722 jltma-glass-effect-no elementor-widget elementor-widget-html\" data-id=\"2967722\" data-element_type=\"widget\" data-e-type=\"widget\" data-widget_type=\"html.default\">\n\t\t\t\t<div class=\"elementor-widget-container\">\n\t\t\t\t\t<!DOCTYPE html>\n<html lang=\"es\">\n<head>\n    <meta charset=\"UTF-8\">\n    <meta name=\"viewport\" content=\"width=device-width, initial-scale=1.0\">\n    <title>Estad\u00edsticas Diarias<\/title>\n    <style>\n        body {\n            font-family: Arial, sans-serif;\n            background-color: #f4f7fa;\n            display: flex;\n            flex-direction: column;\n            align-items: center;\n            padding: 20px;\n            color: #283A8B; \/* Texto en color #283A8B *\/\n        }\n\n        h1 {\n            text-align: center;\n            color: #283A8B;\n            margin-bottom: 40px;\n            font-weight: bold;\n        }\n\n        .section-title {\n            font-size: 1.5rem;\n            font-weight: bold;\n            color: #283A8B;\n            margin-top: 40px;\n            margin-bottom: 20px;\n            text-align: center; \/* Centrado del t\u00edtulo *\/\n        }\n\n        .counter-container {\n            display: flex;\n            flex-wrap: wrap;\n            justify-content: center;\n            gap: 30px;\n        }\n\n        .counter {\n            background-color: #fff;\n            border-radius: 10px;\n            padding: 20px;\n            text-align: center;\n            width: 200px;\n            box-shadow: 0 4px 6px rgba(0, 0, 0, 0.1);\n        }\n\n        .counter i {\n            font-size: 3rem; \/* Hacer los iconos m\u00e1s grandes *\/\n            margin-bottom: 15px; \/* Espacio entre el icono y el valor *\/\n        }\n\n        .counter .value {\n            font-size: 1.5rem;\n            font-weight: bold;\n            margin-bottom: 10px;\n        }\n\n        \/* Colores personalizados para los iconos *\/\n        .fa-users {\n            color: #FF6347; \/* Tomate *\/\n        }\n\n        .fa-female {\n            color: #FFD700; \/* Amarillo *\/\n        }\n\n        .fa-male {\n            color: #4CAF50; \/* Verde *\/\n        }\n\n        .fa-city {\n            color: #1E90FF; \/* Azul *\/\n        }\n\n        .fa-globe {\n            color: #FF4500; \/* Naranja *\/\n        }\n\n        .fa-shoe-prints {\n            color: #8A2BE2; \/* P\u00farpura *\/\n        }\n\n        .fa-walking {\n            color: #32CD32; \/* Verde claro *\/\n        }\n\n        .fa-flag-checkered {\n            color: #D2691E; \/* Marr\u00f3n *\/\n        }\n    <\/style>\n<\/head>\n<body>\n    <h1>Estad\u00edsticas Diarias de la Campa\u00f1a \"100 Ni\u00f1os 100 Historias\"<\/h1>\n\n    <!-- Estad\u00edsticas Diarias -->\n    <div class=\"section-title\">Estad\u00edsticas Diarias<\/div>\n    <div class=\"counter-container\">\n        <div class=\"counter\">\n            <i class=\"fas fa-users\"><\/i>\n            <div class=\"value\" id=\"num-participantes\">500<\/div>\n            <div>N\u00famero de Participantes<\/div>\n        <\/div>\n\n        <div class=\"counter\">\n            <i class=\"fas fa-female\"><\/i>\n            <div class=\"value\" id=\"mujeres\">250<\/div>\n            <div>Mujeres<\/div>\n        <\/div>\n\n        <div class=\"counter\">\n            <i class=\"fas fa-male\"><\/i>\n            <div class=\"value\" id=\"hombres\">250<\/div>\n            <div>Hombres<\/div>\n        <\/div>\n\n        <div class=\"counter\">\n            <i class=\"fas fa-city\"><\/i>\n            <div class=\"value\" id=\"ciudades\">10<\/div>\n            <div> Ciudades<\/div>\n        <\/div>\n\n        <div class=\"counter\">\n            <i class=\"fas fa-globe\"><\/i>\n            <div class=\"value\" id=\"pais\">5<\/div>\n            <div>Pa\u00edses<\/div>\n        <\/div>\n\n        <div class=\"counter\">\n            <i class=\"fas fa-shoe-prints\"><\/i>\n            <div class=\"value\" id=\"pasos\">717,960<\/div>\n            <div>Pasos realizados<\/div>\n        <\/div>\n\n        <div class=\"counter\">\n            <i class=\"fas fa-walking\"><\/i>\n            <div class=\"value\" id=\"km-recorridos\">1,005<\/div>\n            <div>Km recorridos<\/div>\n        <\/div>\n\n        <div class=\"counter\">\n            <i class=\"fas fa-flag-checkered\"><\/i>\n            <div class=\"value\" id=\"km-faltantes\">98,995<\/div>\n            <div>Km faltantes para 100,000<\/div>\n        <\/div>\n    <\/div>\n\n    <script src=\"https:\/\/kit.fontawesome.com\/a076d05399.js\"><\/script>\n<\/body>\n<\/html>\n\t\t\t\t<\/div>\n\t\t\t\t<\/div>\n\t\t\t\t\t<\/div>\n\t\t\t\t<\/div>\n\t\t<div class=\"elementor-element elementor-element-e75fc06 e-flex e-con-boxed jltma-glass-effect-no e-con e-parent\" data-id=\"e75fc06\" data-element_type=\"container\" data-e-type=\"container\" data-settings=\"{&quot;jet_parallax_layout_list&quot;:[]}\">\n\t\t\t\t\t<div class=\"e-con-inner\">\n\t\t\t\t<div class=\"elementor-element elementor-element-320fb08 jltma-glass-effect-no elementor-widget elementor-widget-html\" data-id=\"320fb08\" data-element_type=\"widget\" data-e-type=\"widget\" data-widget_type=\"html.default\">\n\t\t\t\t<div class=\"elementor-widget-container\">\n\t\t\t\t\t<!DOCTYPE html>\n<html lang=\"es\">\n<head>\n    <meta charset=\"UTF-8\">\n    <meta name=\"viewport\" content=\"width=device-width, initial-scale=1.0\">\n    <title>Datos de la Campa\u00f1a \"100 Ni\u00f1os 100 Historias\"<\/title>\n    <style>\n        body {\n            font-family: Arial, sans-serif;\n            background-color: #f4f7fa;\n            display: flex;\n            flex-direction: column;\n            align-items: center;\n            padding: 20px;\n            color: #283A8B; \/* Texto en color #283A8B *\/\n        }\n\n        h1 {\n            text-align: center;\n            color: #283A8B;\n            margin-bottom: 40px;\n            font-weight: bold;\n        }\n\n        .section-title {\n            font-size: 1.5rem;\n            font-weight: bold;\n            color: #283A8B;\n            margin-top: 40px;\n            margin-bottom: 20px;\n            text-align: center; \/* Centrado del t\u00edtulo *\/\n        }\n\n        .counter-container {\n            display: flex;\n            flex-wrap: wrap;\n            justify-content: center;\n            gap: 30px;\n        }\n\n        .counter {\n            background-color: #fff;\n            border-radius: 10px;\n            padding: 20px;\n            text-align: center;\n            width: 200px;\n            box-shadow: 0 4px 6px rgba(0, 0, 0, 0.1);\n        }\n\n        .counter i {\n            font-size: 3rem; \/* Hacer los iconos m\u00e1s grandes *\/\n            margin-bottom: 15px; \/* Espacio entre el icono y el valor *\/\n        }\n\n        .counter .value {\n            font-size: 1.5rem;\n            font-weight: bold;\n            margin-bottom: 10px;\n        }\n\n        .fa-hospital {\n            color: #FF6347; \/* Tomate *\/\n        }\n\n        .fa-clipboard {\n            color: #FFD700; \/* Amarillo *\/\n        }\n\n        .fa-child {\n            color: #4CAF50; \/* Verde *\/\n        }\n\n        .fa-city {\n            color: #1E90FF; \/* Azul *\/\n        }\n\n        .fa-globe {\n            color: #FF4500; \/* Naranja *\/\n        }\n\n        .fa-band-aid {\n            color: #8A2BE2; \/* P\u00farpura *\/\n        }\n\n        .fa-check {\n            color: #32CD32; \/* Verde claro *\/\n        }\n\n        .fa-hourglass {\n            color: #D2691E; \/* Marr\u00f3n *\/\n        }\n    <\/style>\n<\/head>\n<body>\n    <h1>Datos de la Campa\u00f1a \"100 Ni\u00f1os 100 Historias\"<\/h1>\n\n    <!-- Datos de la Campa\u00f1a -->\n    <div class=\"section-title\">Datos de la Campa\u00f1a \"100 Ni\u00f1os 100 Historias\"<\/div>\n    <div class=\"counter-container\">\n        <div class=\"counter\">\n            <i class=\"fas fa-hospital\"><\/i>\n            <div class=\"value\" id=\"ni\u00f1os-operados-agosto\">50<\/div>\n            <div>Ni\u00f1os operados en agosto<\/div>\n        <\/div>\n\n        <div class=\"counter\">\n            <i class=\"fas fa-hospital\"><\/i>\n            <div class=\"value\" id=\"ni\u00f1os-operados-septiembre\">60<\/div>\n            <div>Ni\u00f1os operados en septiembre<\/div>\n        <\/div>\n\n        <div class=\"counter\">\n            <i class=\"fas fa-clipboard\"><\/i>\n            <div class=\"value\" id=\"casos-operados\">120<\/div>\n            <div>Casos operados<\/div>\n        <\/div>\n\n        <div class=\"counter\">\n            <i class=\"fas fa-child\"><\/i>\n            <div class=\"value\" id=\"ni\u00f1os-operados\">80<\/div>\n            <div>Ni\u00f1os operados<\/div>\n        <\/div>\n\n        <div class=\"counter\">\n            <i class=\"fas fa-child\"><\/i>\n            <div class=\"value\" id=\"ni\u00f1as-operadas\">40<\/div>\n            <div>Ni\u00f1as operadas<\/div>\n        <\/div>\n\n        <div class=\"counter\">\n            <i class=\"fas fa-city\"><\/i>\n            <div class=\"value\" id=\"ciudades-campa\u00f1a\">6<\/div>\n            <div>Ciudades<\/div>\n        <\/div>\n\n        <div class=\"counter\">\n            <i class=\"fas fa-globe\"><\/i>\n            <div class=\"value\" id=\"pais-campa\u00f1a\">4<\/div>\n            <div>Pa\u00edses<\/div>\n        <\/div>\n\n        <div class=\"counter\">\n            <i class=\"fas fa-band-aid\"><\/i>\n            <div class=\"value\" id=\"correcciones\">150<\/div>\n            <div>Correcciones realizadas<\/div>\n        <\/div>\n\n        <div class=\"counter\">\n            <i class=\"fas fa-check\"><\/i>\n            <div class=\"value\" id=\"promedio-correcciones\">2<\/div>\n            <div>Promedio de correcciones por ni\u00f1o<\/div>\n        <\/div>\n\n        <div class=\"counter\">\n            <i class=\"fas fa-hourglass\"><\/i>\n            <div class=\"value\" id=\"ni\u00f1os-pendientes\">20<\/div>\n            <div>Ni\u00f1os pendientes por operar<\/div>\n        <\/div>\n    <\/div>\n\n    <script src=\"https:\/\/kit.fontawesome.com\/a076d05399.js\"><\/script>\n<\/body>\n<\/html>\n\t\t\t\t<\/div>\n\t\t\t\t<\/div>\n\t\t\t\t\t<\/div>\n\t\t\t\t<\/div>\n\t\t\t\t<\/div>","protected":false},"excerpt":{"rendered":"<p>Estad\u00edsticas Diarias Estad\u00edsticas Diarias de la Campa\u00f1a &#8220;100 Ni\u00f1os 100 Historias&#8221; Estad\u00edsticas Diarias 500 \ud83d\udc65 N\u00famero de Participantes 250 \ud83d\udc69 Mujeres 250 \ud83d\udc68 Hombres 10 \ud83c\udfd9\ufe0f Ciudades 5 \ud83c\udf0d Pa\u00edses 717,960 \ud83d\udc63 Pasos realizados 1,005 \ud83d\udeb6 Km recorridos 98,995 \ud83c\udfc1 Km faltantes para 100,000 Datos de la Campa\u00f1a &#8220;100 Ni\u00f1os 100 Historias&#8221; Datos de la [&hellip;]<\/p>\n","protected":false},"author":1,"featured_media":0,"parent":0,"menu_order":0,"comment_status":"closed","ping_status":"closed","template":"","meta":{"_jet_sm_ready_style":"","_jet_sm_style":"","_jet_sm_controls_values":"","_jet_sm_fonts_collection":"","_jet_sm_fonts_links":"","footnotes":""},"categories":[],"tags":[],"class_list":["post-12648","page","type-page","status-publish","hentry"],"aioseo_notices":[],"_links":{"self":[{"href":"https:\/\/centrodecirugia.org\/en\/wp-json\/wp\/v2\/pages\/12648","targetHints":{"allow":["GET"]}}],"collection":[{"href":"https:\/\/centrodecirugia.org\/en\/wp-json\/wp\/v2\/pages"}],"about":[{"href":"https:\/\/centrodecirugia.org\/en\/wp-json\/wp\/v2\/types\/page"}],"author":[{"embeddable":true,"href":"https:\/\/centrodecirugia.org\/en\/wp-json\/wp\/v2\/users\/1"}],"replies":[{"embeddable":true,"href":"https:\/\/centrodecirugia.org\/en\/wp-json\/wp\/v2\/comments?post=12648"}],"version-history":[{"count":32,"href":"https:\/\/centrodecirugia.org\/en\/wp-json\/wp\/v2\/pages\/12648\/revisions"}],"predecessor-version":[{"id":12743,"href":"https:\/\/centrodecirugia.org\/en\/wp-json\/wp\/v2\/pages\/12648\/revisions\/12743"}],"wp:attachment":[{"href":"https:\/\/centrodecirugia.org\/en\/wp-json\/wp\/v2\/media?parent=12648"}],"wp:term":[{"taxonomy":"category","embeddable":true,"href":"https:\/\/centrodecirugia.org\/en\/wp-json\/wp\/v2\/categories?post=12648"},{"taxonomy":"post_tag","embeddable":true,"href":"https:\/\/centrodecirugia.org\/en\/wp-json\/wp\/v2\/tags?post=12648"}],"curies":[{"name":"wp","href":"https:\/\/api.w.org\/{rel}","templated":true}]}}