
{"id":15046,"date":"2026-03-06T19:12:12","date_gmt":"2026-03-07T01:12:12","guid":{"rendered":"https:\/\/centrodecirugia.org\/?page_id=15046"},"modified":"2026-03-07T17:03:50","modified_gmt":"2026-03-07T23:03:50","slug":"donacion-amigos-runners","status":"publish","type":"page","link":"https:\/\/centrodecirugia.org\/en\/donacion-amigos-runners\/","title":{"rendered":"Donacion &#8211; Amigos Runners"},"content":{"rendered":"<div data-elementor-type=\"wp-page\" data-elementor-id=\"15046\" class=\"elementor elementor-15046\" data-elementor-post-type=\"page\">\n\t\t\t\t<div class=\"elementor-element elementor-element-6a152ec9 e-flex e-con-boxed jltma-glass-effect-no e-con e-parent\" data-id=\"6a152ec9\" data-element_type=\"container\" data-e-type=\"container\" data-settings=\"{&quot;background_background&quot;:&quot;classic&quot;,&quot;shape_divider_bottom&quot;:&quot;triangle-asymmetrical&quot;,&quot;shape_divider_bottom_negative&quot;:&quot;yes&quot;,&quot;jet_parallax_layout_list&quot;:[]}\">\n\t\t\t\t\t<div class=\"e-con-inner\">\n\t\t\t\t<div class=\"elementor-shape elementor-shape-bottom\" aria-hidden=\"true\" data-negative=\"true\">\n\t\t\t<svg xmlns=\"http:\/\/www.w3.org\/2000\/svg\" viewbox=\"0 0 1000 100\" preserveaspectratio=\"none\">\n\t<path class=\"elementor-shape-fill\" d=\"M737.9,94.7L0,0v100h1000V0L737.9,94.7z\"\/>\n<\/svg>\t\t<\/div>\n\t\t<div class=\"elementor-element elementor-element-7e4781b1 e-con-full e-flex jltma-glass-effect-no e-con e-child\" data-id=\"7e4781b1\" data-element_type=\"container\" data-e-type=\"container\" data-settings=\"{&quot;jet_parallax_layout_list&quot;:[]}\">\n\t\t\t\t<div class=\"elementor-element elementor-element-66117be2 jltma-glass-effect-no elementor-widget elementor-widget-heading\" data-id=\"66117be2\" data-element_type=\"widget\" data-e-type=\"widget\" data-widget_type=\"heading.default\">\n\t\t\t\t<div class=\"elementor-widget-container\">\n\t\t\t\t\t<h2 class=\"elementor-heading-title elementor-size-default\">Amigos RUNNERS<\/h2>\t\t\t\t<\/div>\n\t\t\t\t<\/div>\n\t\t\t\t<div class=\"elementor-element elementor-element-2435ead4 elementor-widget-tablet__width-initial jltma-glass-effect-no elementor-invisible elementor-widget elementor-widget-text-editor\" data-id=\"2435ead4\" data-element_type=\"widget\" data-e-type=\"widget\" data-settings=\"{&quot;_animation&quot;:&quot;slideInLeft&quot;}\" data-widget_type=\"text-editor.default\">\n\t\t\t\t<div class=\"elementor-widget-container\">\n\t\t\t\t\t\t\t\t\t<p>Lo invitamos a considerar seriamente la posibilidad de cambiar la vida de un ni\u00f1o y mejorar la calidad de vida de toda su familia.<\/p>\t\t\t\t\t\t\t\t<\/div>\n\t\t\t\t<\/div>\n\t\t\t\t<\/div>\n\t\t<div class=\"elementor-element elementor-element-6932bf6f e-con-full e-flex jltma-glass-effect-no e-con e-child\" data-id=\"6932bf6f\" data-element_type=\"container\" data-e-type=\"container\" data-settings=\"{&quot;jet_parallax_layout_list&quot;:[]}\">\n\t\t\t\t<\/div>\n\t\t\t\t\t<\/div>\n\t\t\t\t<\/div>\n\t\t<div class=\"elementor-element elementor-element-4964067b e-flex e-con-boxed jltma-glass-effect-no e-con e-parent\" data-id=\"4964067b\" data-element_type=\"container\" data-e-type=\"container\" data-settings=\"{&quot;jet_parallax_layout_list&quot;:[]}\">\n\t\t\t\t\t<div class=\"e-con-inner\">\n\t\t\t\t<div class=\"elementor-element elementor-element-12eaf71c jltma-glass-effect-no elementor-widget elementor-widget-spacer\" data-id=\"12eaf71c\" data-element_type=\"widget\" data-e-type=\"widget\" data-widget_type=\"spacer.default\">\n\t\t\t\t<div class=\"elementor-widget-container\">\n\t\t\t\t\t\t\t<div class=\"elementor-spacer\">\n\t\t\t<div class=\"elementor-spacer-inner\"><\/div>\n\t\t<\/div>\n\t\t\t\t\t\t<\/div>\n\t\t\t\t<\/div>\n\t\t\t\t<div class=\"elementor-element elementor-element-9beb097 jltma-glass-effect-no elementor-widget elementor-widget-heading\" data-id=\"9beb097\" data-element_type=\"widget\" data-e-type=\"widget\" data-widget_type=\"heading.default\">\n\t\t\t\t<div class=\"elementor-widget-container\">\n\t\t\t\t\t<h2 class=\"elementor-heading-title elementor-size-default\">Corre por quienes hoy no pueden hacerlo<\/h2>\t\t\t\t<\/div>\n\t\t\t\t<\/div>\n\t\t\t\t\t<\/div>\n\t\t\t\t<\/div>\n\t\t<div class=\"elementor-element elementor-element-017eb72 e-flex e-con-boxed jltma-glass-effect-no e-con e-parent\" data-id=\"017eb72\" data-element_type=\"container\" data-e-type=\"container\" data-settings=\"{&quot;jet_parallax_layout_list&quot;:[]}\">\n\t\t\t\t\t<div class=\"e-con-inner\">\n\t\t<div class=\"elementor-element elementor-element-ab538c1 e-con-full e-flex jltma-glass-effect-no e-con e-child\" data-id=\"ab538c1\" data-element_type=\"container\" data-e-type=\"container\" data-settings=\"{&quot;jet_parallax_layout_list&quot;:[],&quot;background_background&quot;:&quot;classic&quot;}\">\n\t\t\t\t<div class=\"elementor-element elementor-element-87c031a jltma-glass-effect-no elementor-widget elementor-widget-video\" data-id=\"87c031a\" data-element_type=\"widget\" data-e-type=\"widget\" data-settings=\"{&quot;autoplay&quot;:&quot;yes&quot;,&quot;play_on_mobile&quot;:&quot;yes&quot;,&quot;video_type&quot;:&quot;hosted&quot;,&quot;controls&quot;:&quot;yes&quot;}\" data-widget_type=\"video.default\">\n\t\t\t\t<div class=\"elementor-widget-container\">\n\t\t\t\t\t\t\t<div class=\"e-hosted-video elementor-wrapper elementor-open-inline\">\n\t\t\t\t\t<video class=\"elementor-video\" src=\"https:\/\/centrodecirugia.org\/wp-content\/uploads\/2026\/03\/hola-doctor.mp4\" autoplay=\"\" controls=\"\" playsinline=\"\" controlslist=\"nodownload\"><\/video>\n\t\t\t\t<\/div>\n\t\t\t\t\t\t<\/div>\n\t\t\t\t<\/div>\n\t\t\t\t<\/div>\n\t\t<div class=\"elementor-element elementor-element-6829388 e-con-full e-flex jltma-glass-effect-no e-con e-child\" data-id=\"6829388\" data-element_type=\"container\" data-e-type=\"container\" data-settings=\"{&quot;jet_parallax_layout_list&quot;:[]}\">\n\t\t\t\t<div class=\"elementor-element elementor-element-43cb4412 jltma-glass-effect-no elementor-widget elementor-widget-text-editor\" data-id=\"43cb4412\" data-element_type=\"widget\" data-e-type=\"widget\" data-widget_type=\"text-editor.default\">\n\t\t\t\t<div class=\"elementor-widget-container\">\n\t\t\t\t\t\t\t\t\t<p>Para muchos runners, correr es libertad.<br \/>Para miles de ni\u00f1os con <strong>Par\u00e1lisis Cerebral<\/strong>, caminar sigue siendo un sue\u00f1o.<\/p><p>La carrera solidaria <strong>#CaminaPorEllos<\/strong> forma parte de la <strong>7\u00aa Campa\u00f1a \u201c100 Ni\u00f1os \u2013 100 Historias\u201d<\/strong>, una iniciativa que busca realizar cirug\u00edas especializadas para mejorar la movilidad de ni\u00f1os que viven en condiciones de pobreza extrema.<\/p><p>Cada inscripci\u00f3n ayuda a cubrir <strong>medicamentos, anestesia, material quir\u00fargico y tratamiento m\u00e9dico<\/strong>.<\/p><p>No es solo una carrera.<\/p><p>Es una oportunidad de convertir <strong>tus kil\u00f3metros en esperanza<\/strong>.<\/p>\t\t\t\t\t\t\t\t<\/div>\n\t\t\t\t<\/div>\n\t\t\t\t<div class=\"elementor-element elementor-element-69d1e1d jltma-glass-effect-no elementor-widget elementor-widget-text-editor\" data-id=\"69d1e1d\" data-element_type=\"widget\" data-e-type=\"widget\" data-widget_type=\"text-editor.default\">\n\t\t\t\t<div class=\"elementor-widget-container\">\n\t\t\t\t\t\t\t\t\t<p><strong>PUEDES PARTICIPAR DE TRES FORMAS<\/strong><\/p><p>\ud83c\udfc3 <strong>Corredor presencial<\/strong><br \/>Participa en la carrera y corre por una causa que realmente cambia vidas.<\/p><p>\ud83c\udf0e <strong>Corredor virtual<\/strong><br \/>Inscr\u00edbete y corre desde cualquier lugar del mundo y suma tus kil\u00f3metros a esta misi\u00f3n.<\/p><p>Cada paso que des ese d\u00eda puede acercar a un ni\u00f1o a la posibilidad de <strong>caminar por primera vez<\/strong>.<\/p><p><strong>\ud83c\udf0d Embajador de kil\u00f3metros<\/strong><\/p><p>Invita a tu club de runners o empresa a <strong>sumar kil\u00f3metros colectivos<\/strong> para apoyar la causa.<\/p><p>Imagina lo que podemos lograr si miles de corredores donan sus pasos.<\/p><p><strong>Kil\u00f3metros que normalmente correr\u00edas\u2026<br \/>pueden convertirse en cirug\u00edas para ni\u00f1os que sue\u00f1an con caminar.<\/strong><\/p>\t\t\t\t\t\t\t\t<\/div>\n\t\t\t\t<\/div>\n\t\t\t\t<div class=\"elementor-element elementor-element-64c6d5b elementor-widget__width-inherit jltma-glass-effect-no elementor-widget elementor-widget-text-editor\" data-id=\"64c6d5b\" data-element_type=\"widget\" data-e-type=\"widget\" data-widget_type=\"text-editor.default\">\n\t\t\t\t<div class=\"elementor-widget-container\">\n\t\t\t\t\t\t\t\t\t<p><strong>Cuota promocional<\/strong><\/p><p>$ 549.00 (Quinientos cuarenta y nueve pesos 00\/100 M.N.)<br \/>Vigencia al 05 de marzo del 2026.<\/p><p><strong>Cuota normal<\/strong><\/p><p>$ 650.00 (Seiscientos cincuenta pesos 00\/100 M.N.)<\/p><p>Vigencia del 06 de marzo al 01 de mayo 2026 a las 15:59:59 horas<\/p><p><strong>Cuota extempor\u00e1nea<\/strong><\/p><p>$ 750.00 (Setecientos cincuenta pesos 00\/100 M.N.) *<\/p><p>02 de mayo<\/p><p>Hoy puedes hacer algo extraordinario.<br \/><strong>\ud83d\udc47 Inscr\u00edbete ahora<\/strong><\/p>\t\t\t\t\t\t\t\t<\/div>\n\t\t\t\t<\/div>\n\t\t\t\t<\/div>\n\t\t\t\t\t<\/div>\n\t\t\t\t<\/div>\n\t\t<div class=\"elementor-element elementor-element-24ff296 e-flex e-con-boxed jltma-glass-effect-no e-con e-parent\" data-id=\"24ff296\" data-element_type=\"container\" data-e-type=\"container\" data-settings=\"{&quot;jet_parallax_layout_list&quot;:[]}\">\n\t\t\t\t\t<div class=\"e-con-inner\">\n\t\t\t\t<div class=\"elementor-element elementor-element-3514bea jltma-glass-effect-no elementor-widget elementor-widget-spacer\" data-id=\"3514bea\" data-element_type=\"widget\" data-e-type=\"widget\" data-widget_type=\"spacer.default\">\n\t\t\t\t<div class=\"elementor-widget-container\">\n\t\t\t\t\t\t\t<div class=\"elementor-spacer\">\n\t\t\t<div class=\"elementor-spacer-inner\"><\/div>\n\t\t<\/div>\n\t\t\t\t\t\t<\/div>\n\t\t\t\t<\/div>\n\t\t\t\t\t<\/div>\n\t\t\t\t<\/div>\n\t\t<div class=\"elementor-element elementor-element-d507eb5 e-flex e-con-boxed jltma-glass-effect-no e-con e-parent\" data-id=\"d507eb5\" data-element_type=\"container\" data-e-type=\"container\" data-settings=\"{&quot;jet_parallax_layout_list&quot;:[]}\">\n\t\t\t\t\t<div class=\"e-con-inner\">\n\t\t<div class=\"elementor-element elementor-element-1de6908 e-con-full e-flex jltma-glass-effect-no e-con e-child\" data-id=\"1de6908\" data-element_type=\"container\" data-e-type=\"container\" data-settings=\"{&quot;jet_parallax_layout_list&quot;:[]}\">\n\t\t<div class=\"elementor-element elementor-element-0fd9bf6 e-con-full e-flex jltma-glass-effect-no e-con e-child\" data-id=\"0fd9bf6\" data-element_type=\"container\" data-e-type=\"container\" data-settings=\"{&quot;jet_parallax_layout_list&quot;:[]}\">\n\t\t\t\t<div data-jltma-wrapper-link=\"{&quot;url&quot;:&quot;https:\\\/\\\/goo.su\\\/wsmSV&quot;,&quot;is_external&quot;:&quot;&quot;,&quot;nofollow&quot;:&quot;&quot;}\" style=\"cursor: pointer\" class=\"elementor-element elementor-element-2e1f770 elementor-widget__width-initial jltma-glass-effect-no elementor-widget elementor-widget-image\" data-id=\"2e1f770\" data-element_type=\"widget\" data-e-type=\"widget\" data-widget_type=\"image.default\">\n\t\t\t\t<div class=\"elementor-widget-container\">\n\t\t\t\t\t\t\t\t\t\t\t\t\t\t\t<img decoding=\"async\" src=\"https:\/\/centrodecirugia.org\/wp-content\/uploads\/elementor\/thumbs\/as-deporte-rk4wdktttjd2qwv3whun6ads3se5bq290nnbgbjt3y.png\" title=\"as-deporte\" alt=\"as-deporte\" loading=\"lazy\" \/>\t\t\t\t\t\t\t\t\t\t\t\t\t\t\t<\/div>\n\t\t\t\t<\/div>\n\t\t\t\t<\/div>\n\t\t<div class=\"elementor-element elementor-element-487518d e-con-full e-flex jltma-glass-effect-no e-con e-child\" data-id=\"487518d\" data-element_type=\"container\" data-e-type=\"container\" data-settings=\"{&quot;jet_parallax_layout_list&quot;:[]}\">\n\t\t\t\t<div data-jltma-wrapper-link=\"{&quot;url&quot;:&quot;https:\\\/\\\/goo.su\\\/PUxz5&quot;,&quot;is_external&quot;:&quot;&quot;,&quot;nofollow&quot;:&quot;&quot;}\" style=\"cursor: pointer\" class=\"elementor-element elementor-element-892f898 elementor-widget__width-initial jltma-glass-effect-no elementor-widget elementor-widget-image\" data-id=\"892f898\" data-element_type=\"widget\" data-e-type=\"widget\" data-widget_type=\"image.default\">\n\t\t\t\t<div class=\"elementor-widget-container\">\n\t\t\t\t\t\t\t\t\t\t\t\t\t\t\t<img decoding=\"async\" src=\"https:\/\/centrodecirugia.org\/wp-content\/uploads\/elementor\/thumbs\/carreras-mexico-rk4wdi0b9197s2z7cymrgt3ebms1omr209ov0hnzky.png\" title=\"carreras-mexico\" alt=\"carreras-mexico\" loading=\"lazy\" \/>\t\t\t\t\t\t\t\t\t\t\t\t\t\t\t<\/div>\n\t\t\t\t<\/div>\n\t\t\t\t<\/div>\n\t\t\t\t<\/div>\n\t\t\t\t\t<\/div>\n\t\t\t\t<\/div>\n\t\t<div class=\"elementor-element elementor-element-09f2942 e-flex e-con-boxed jltma-glass-effect-no e-con e-parent\" data-id=\"09f2942\" data-element_type=\"container\" data-e-type=\"container\" data-settings=\"{&quot;jet_parallax_layout_list&quot;:[]}\">\n\t\t\t\t\t<div class=\"e-con-inner\">\n\t\t\t\t<div class=\"elementor-element elementor-element-45c5c9f jltma-glass-effect-no elementor-widget elementor-widget-spacer\" data-id=\"45c5c9f\" data-element_type=\"widget\" data-e-type=\"widget\" data-widget_type=\"spacer.default\">\n\t\t\t\t<div class=\"elementor-widget-container\">\n\t\t\t\t\t\t\t<div class=\"elementor-spacer\">\n\t\t\t<div class=\"elementor-spacer-inner\"><\/div>\n\t\t<\/div>\n\t\t\t\t\t\t<\/div>\n\t\t\t\t<\/div>\n\t\t\t\t\t<\/div>\n\t\t\t\t<\/div>\n\t\t<div class=\"elementor-element elementor-element-95a8b58 e-flex e-con-boxed jltma-glass-effect-no e-con e-parent\" data-id=\"95a8b58\" data-element_type=\"container\" data-e-type=\"container\" data-settings=\"{&quot;jet_parallax_layout_list&quot;:[]}\">\n\t\t\t\t\t<div class=\"e-con-inner\">\n\t\t<div class=\"elementor-element elementor-element-a85f8bc e-con-full e-flex jltma-glass-effect-no e-con e-child\" data-id=\"a85f8bc\" data-element_type=\"container\" data-e-type=\"container\" data-settings=\"{&quot;jet_parallax_layout_list&quot;:[]}\">\n\t\t\t\t<div class=\"jet-tooltip-widget elementor-element elementor-element-a244393 jltma-glass-effect-no elementor-widget elementor-widget-html\" role=\"tooltip\" data-jet-tricks-settings=\"{&quot;tooltip&quot;:&quot;true&quot;,&quot;tooltipDescription&quot;:&quot;&lt;p&gt;P\\u00c1GINA ANTERIOR&lt;\\\/p&gt;&quot;,&quot;tooltipPlacement&quot;:&quot;top-start&quot;,&quot;tooltipArrow&quot;:true,&quot;xOffset&quot;:0,&quot;yOffset&quot;:0,&quot;tooltipAnimation&quot;:&quot;scale&quot;,&quot;tooltipTrigger&quot;:&quot;mouseenter&quot;,&quot;zIndex&quot;:999,&quot;appendTo&quot;:&quot;widget&quot;,&quot;customSelector&quot;:&quot;&quot;,&quot;delay&quot;:{&quot;unit&quot;:&quot;px&quot;,&quot;size&quot;:0,&quot;sizes&quot;:[]},&quot;followCursor&quot;:&quot;false&quot;}\" data-id=\"a244393\" data-element_type=\"widget\" data-e-type=\"widget\" data-widget_type=\"html.default\">\n\t\t\t\t<div class=\"elementor-widget-container\">\n\t\t\t\t\t<div id=\"jet-tricks-tooltip-content-a244393\" class=\"jet-tooltip-widget__content\"><p>P\u00c1GINA ANTERIOR<\/p><\/div><!DOCTYPE html>\n<html lang=\"es\">\n<head>\n    <meta charset=\"UTF-8\">\n    <meta name=\"viewport\" content=\"width=device-width, initial-scale=1.0\">\n    <title>Bot\u00f3n de Regreso<\/title>\n    <style>\n        .back-button {\n            display: inline-block;\n            padding: 9px 16px;\n            font-size: 19px;\n            color: #fff;\n            background-color: #6384F1;\n            border: none;\n            border-radius: 5px;\n            cursor: pointer;\n            text-decoration: none;\n        }\n\n        .back-button:hover {\n            background-color: #6384F1;\n        }\n    <\/style>\n<\/head>\n<body>\n    <button class=\"back-button\" onclick=\"history.back()\">\u276e<\/button>\n<\/body>\n<\/html>\t\t\t\t<\/div>\n\t\t\t\t<\/div>\n\t\t\t\t<div class=\"jet-tooltip-widget elementor-element elementor-element-0023c41 jltma-glass-effect-no elementor-widget elementor-widget-button\" role=\"tooltip\" data-jet-tricks-settings=\"{&quot;tooltip&quot;:&quot;true&quot;,&quot;tooltipDescription&quot;:&quot;&lt;p&gt;\\u00a0\\u00a0\\u00a0 P\\u00c1GINA PRINCIPAL&lt;\\\/p&gt;&quot;,&quot;tooltipPlacement&quot;:&quot;top-start&quot;,&quot;tooltipArrow&quot;:true,&quot;xOffset&quot;:0,&quot;yOffset&quot;:0,&quot;tooltipAnimation&quot;:&quot;scale&quot;,&quot;tooltipTrigger&quot;:&quot;mouseenter&quot;,&quot;zIndex&quot;:999,&quot;appendTo&quot;:&quot;widget&quot;,&quot;customSelector&quot;:&quot;&quot;,&quot;delay&quot;:{&quot;unit&quot;:&quot;px&quot;,&quot;size&quot;:0,&quot;sizes&quot;:[]},&quot;followCursor&quot;:&quot;false&quot;}\" data-id=\"0023c41\" data-element_type=\"widget\" data-e-type=\"widget\" data-widget_type=\"button.default\">\n\t\t\t\t<div class=\"elementor-widget-container\">\n\t\t\t\t\t<div id=\"jet-tricks-tooltip-content-0023c41\" class=\"jet-tooltip-widget__content\"><p>\u00a0\u00a0\u00a0 P\u00c1GINA PRINCIPAL<\/p><\/div>\t\t\t\t<div class=\"elementor-button-wrapper\">\n\t\t\t\t\t<a class=\"elementor-button elementor-button-link elementor-size-sm\" href=\"https:\/\/centrodecirugia.org\/en\/\">\n\t\t\t\t\t\t<span class=\"elementor-button-content-wrapper\">\n\t\t\t\t\t\t<span class=\"elementor-button-icon\">\n\t\t\t\t<i aria-hidden=\"true\" class=\"jltma-material-icon jltma-material-icon-home\"><\/i>\t\t\t<\/span>\n\t\t\t\t\t\t\t\t<\/span>\n\t\t\t\t\t<\/a>\n\t\t\t\t<\/div>\n\t\t\t\t\t\t\t\t<\/div>\n\t\t\t\t<\/div>\n\t\t\t\t<div class=\"jet-tooltip-widget elementor-element elementor-element-c468f8c elementor-align-center jltma-glass-effect-no elementor-widget elementor-widget-button\" role=\"tooltip\" data-jet-tricks-settings=\"{&quot;tooltip&quot;:&quot;true&quot;,&quot;tooltipDescription&quot;:&quot;&lt;p&gt;SUBIR&lt;\\\/p&gt;&quot;,&quot;tooltipPlacement&quot;:&quot;top-start&quot;,&quot;tooltipArrow&quot;:true,&quot;xOffset&quot;:0,&quot;yOffset&quot;:0,&quot;tooltipAnimation&quot;:&quot;scale&quot;,&quot;tooltipTrigger&quot;:&quot;mouseenter&quot;,&quot;zIndex&quot;:999,&quot;appendTo&quot;:&quot;widget&quot;,&quot;customSelector&quot;:&quot;&quot;,&quot;delay&quot;:{&quot;unit&quot;:&quot;px&quot;,&quot;size&quot;:0,&quot;sizes&quot;:[]},&quot;followCursor&quot;:&quot;false&quot;}\" data-id=\"c468f8c\" data-element_type=\"widget\" data-e-type=\"widget\" data-widget_type=\"button.default\">\n\t\t\t\t<div class=\"elementor-widget-container\">\n\t\t\t\t\t<div id=\"jet-tricks-tooltip-content-c468f8c\" class=\"jet-tooltip-widget__content\"><p>SUBIR<\/p><\/div>\t\t\t\t<div class=\"elementor-button-wrapper\">\n\t\t\t\t\t<a class=\"elementor-button elementor-button-link elementor-size-sm\" href=\"#\">\n\t\t\t\t\t\t<span class=\"elementor-button-content-wrapper\">\n\t\t\t\t\t\t<span class=\"elementor-button-icon\">\n\t\t\t\t<svg aria-hidden=\"true\" class=\"e-font-icon-svg e-fas-chevron-up\" viewbox=\"0 0 448 512\" xmlns=\"http:\/\/www.w3.org\/2000\/svg\"><path d=\"M240.971 130.524l194.343 194.343c9.373 9.373 9.373 24.569 0 33.941l-22.667 22.667c-9.357 9.357-24.522 9.375-33.901.04L224 227.495 69.255 381.516c-9.379 9.335-24.544 9.317-33.901-.04l-22.667-22.667c-9.373-9.373-9.373-24.569 0-33.941L207.03 130.525c9.372-9.373 24.568-9.373 33.941-.001z\"><\/path><\/svg>\t\t\t<\/span>\n\t\t\t\t\t\t\t\t<\/span>\n\t\t\t\t\t<\/a>\n\t\t\t\t<\/div>\n\t\t\t\t\t\t\t\t<\/div>\n\t\t\t\t<\/div>\n\t\t\t\t<\/div>\n\t\t\t\t\t<\/div>\n\t\t\t\t<\/div>\n\t\t\t\t<\/div>","protected":false},"excerpt":{"rendered":"<p>Amigos RUNNERS Lo invitamos a considerar seriamente la posibilidad de cambiar la vida de un ni\u00f1o y mejorar la calidad de vida de toda su familia. Corre por quienes hoy no pueden hacerlo https:\/\/centrodecirugia.org\/wp-content\/uploads\/2026\/03\/hola-doctor.mp4 Para muchos runners, correr es libertad.Para miles de ni\u00f1os con Par\u00e1lisis Cerebral, caminar sigue siendo un sue\u00f1o. La carrera solidaria #CaminaPorEllos [&hellip;]<\/p>\n","protected":false},"author":1,"featured_media":0,"parent":0,"menu_order":0,"comment_status":"closed","ping_status":"closed","template":"elementor_header_footer","meta":{"_jet_sm_ready_style":"","_jet_sm_style":"","_jet_sm_controls_values":"","_jet_sm_fonts_collection":"","_jet_sm_fonts_links":"","footnotes":""},"categories":[],"tags":[],"class_list":["post-15046","page","type-page","status-publish","hentry"],"aioseo_notices":[],"_links":{"self":[{"href":"https:\/\/centrodecirugia.org\/en\/wp-json\/wp\/v2\/pages\/15046","targetHints":{"allow":["GET"]}}],"collection":[{"href":"https:\/\/centrodecirugia.org\/en\/wp-json\/wp\/v2\/pages"}],"about":[{"href":"https:\/\/centrodecirugia.org\/en\/wp-json\/wp\/v2\/types\/page"}],"author":[{"embeddable":true,"href":"https:\/\/centrodecirugia.org\/en\/wp-json\/wp\/v2\/users\/1"}],"replies":[{"embeddable":true,"href":"https:\/\/centrodecirugia.org\/en\/wp-json\/wp\/v2\/comments?post=15046"}],"version-history":[{"count":22,"href":"https:\/\/centrodecirugia.org\/en\/wp-json\/wp\/v2\/pages\/15046\/revisions"}],"predecessor-version":[{"id":15255,"href":"https:\/\/centrodecirugia.org\/en\/wp-json\/wp\/v2\/pages\/15046\/revisions\/15255"}],"wp:attachment":[{"href":"https:\/\/centrodecirugia.org\/en\/wp-json\/wp\/v2\/media?parent=15046"}],"wp:term":[{"taxonomy":"category","embeddable":true,"href":"https:\/\/centrodecirugia.org\/en\/wp-json\/wp\/v2\/categories?post=15046"},{"taxonomy":"post_tag","embeddable":true,"href":"https:\/\/centrodecirugia.org\/en\/wp-json\/wp\/v2\/tags?post=15046"}],"curies":[{"name":"wp","href":"https:\/\/api.w.org\/{rel}","templated":true}]}}