
{"id":5373,"date":"2024-12-09T17:43:28","date_gmt":"2024-12-09T23:43:28","guid":{"rendered":"https:\/\/centrodecirugia.org\/?page_id=5373"},"modified":"2025-01-30T22:10:08","modified_gmt":"2025-01-31T04:10:08","slug":"pago-realizado","status":"publish","type":"page","link":"https:\/\/centrodecirugia.org\/en\/pago-realizado\/","title":{"rendered":"Pago realizado"},"content":{"rendered":"<div data-elementor-type=\"wp-page\" data-elementor-id=\"5373\" class=\"elementor elementor-5373\" data-elementor-post-type=\"page\">\n\t\t\t\t\t\t<section class=\"elementor-section elementor-top-section elementor-element elementor-element-6aa391b elementor-section-height-min-height elementor-section-content-middle elementor-section-boxed elementor-section-height-default elementor-section-items-middle jltma-glass-effect-no\" data-id=\"6aa391b\" data-element_type=\"section\" data-e-type=\"section\" data-settings=\"{&quot;background_background&quot;:&quot;classic&quot;,&quot;shape_divider_bottom&quot;:&quot;triangle-asymmetrical&quot;,&quot;shape_divider_bottom_negative&quot;:&quot;yes&quot;,&quot;jet_parallax_layout_list&quot;:[]}\">\n\t\t\t\t\t\t\t<div class=\"elementor-background-overlay\"><\/div>\n\t\t\t\t\t\t<div class=\"elementor-shape elementor-shape-bottom\" aria-hidden=\"true\" data-negative=\"true\">\n\t\t\t<svg xmlns=\"http:\/\/www.w3.org\/2000\/svg\" viewbox=\"0 0 1000 100\" preserveaspectratio=\"none\">\n\t<path class=\"elementor-shape-fill\" d=\"M737.9,94.7L0,0v100h1000V0L737.9,94.7z\"\/>\n<\/svg>\t\t<\/div>\n\t\t\t\t\t<div class=\"elementor-container elementor-column-gap-default\">\n\t\t\t\t\t<div class=\"elementor-column elementor-col-50 elementor-top-column elementor-element elementor-element-3033753 jltma-glass-effect-no\" data-id=\"3033753\" data-element_type=\"column\" data-e-type=\"column\">\n\t\t\t<div class=\"elementor-widget-wrap elementor-element-populated\">\n\t\t\t\t\t\t<div class=\"elementor-element elementor-element-27cda84 jltma-glass-effect-no elementor-invisible elementor-widget elementor-widget-heading\" data-id=\"27cda84\" data-element_type=\"widget\" data-e-type=\"widget\" data-settings=\"{&quot;_animation&quot;:&quot;slideInLeft&quot;}\" data-widget_type=\"heading.default\">\n\t\t\t\t<div class=\"elementor-widget-container\">\n\t\t\t\t\t<h2 class=\"elementor-heading-title elementor-size-default\">Pago realizado<\/h2>\t\t\t\t<\/div>\n\t\t\t\t<\/div>\n\t\t\t\t\t<\/div>\n\t\t<\/div>\n\t\t\t\t<div class=\"elementor-column elementor-col-50 elementor-top-column elementor-element elementor-element-a3255d3 jltma-glass-effect-no\" data-id=\"a3255d3\" data-element_type=\"column\" data-e-type=\"column\">\n\t\t\t<div class=\"elementor-widget-wrap\">\n\t\t\t\t\t\t\t<\/div>\n\t\t<\/div>\n\t\t\t\t\t<\/div>\n\t\t<\/section>\n\t\t<div class=\"elementor-element elementor-element-74faf56e e-flex e-con-boxed jltma-glass-effect-no e-con e-parent\" data-id=\"74faf56e\" data-element_type=\"container\" data-e-type=\"container\" data-settings=\"{&quot;jet_parallax_layout_list&quot;:[]}\">\n\t\t\t\t\t<div class=\"e-con-inner\">\n\t\t<div class=\"elementor-element elementor-element-72fefd21 e-con-full e-flex jltma-glass-effect-no e-con e-child\" data-id=\"72fefd21\" data-element_type=\"container\" data-e-type=\"container\" data-settings=\"{&quot;jet_parallax_layout_list&quot;:[]}\">\n\t\t\t\t<div class=\"elementor-element elementor-element-ce7681b jltma-glass-effect-no elementor-widget elementor-widget-image\" data-id=\"ce7681b\" data-element_type=\"widget\" data-e-type=\"widget\" data-widget_type=\"image.default\">\n\t\t\t\t<div class=\"elementor-widget-container\">\n\t\t\t\t\t\t\t\t\t\t\t\t\t\t\t<img fetchpriority=\"high\" decoding=\"async\" width=\"800\" height=\"534\" src=\"https:\/\/centrodecirugia.org\/wp-content\/uploads\/2024\/10\/donar-oficinas-1024x683.png\" class=\"attachment-large size-large wp-image-164\" alt=\"\" srcset=\"https:\/\/centrodecirugia.org\/wp-content\/uploads\/2024\/10\/donar-oficinas-1024x683.png 1024w, https:\/\/centrodecirugia.org\/wp-content\/uploads\/2024\/10\/donar-oficinas-300x200.png 300w, https:\/\/centrodecirugia.org\/wp-content\/uploads\/2024\/10\/donar-oficinas-768x512.png 768w, https:\/\/centrodecirugia.org\/wp-content\/uploads\/2024\/10\/donar-oficinas-1536x1024.png 1536w, https:\/\/centrodecirugia.org\/wp-content\/uploads\/2024\/10\/donar-oficinas.png 1920w\" sizes=\"(max-width: 800px) 100vw, 800px\" \/>\t\t\t\t\t\t\t\t\t\t\t\t\t\t\t<\/div>\n\t\t\t\t<\/div>\n\t\t\t\t<\/div>\n\t\t<div class=\"elementor-element elementor-element-686fe0b3 e-con-full e-flex jltma-glass-effect-no e-con e-child\" data-id=\"686fe0b3\" data-element_type=\"container\" data-e-type=\"container\" data-settings=\"{&quot;jet_parallax_layout_list&quot;:[]}\">\n\t\t\t\t<div class=\"elementor-element elementor-element-3fad5318 jltma-glass-effect-no elementor-widget elementor-widget-heading\" data-id=\"3fad5318\" data-element_type=\"widget\" data-e-type=\"widget\" data-widget_type=\"heading.default\">\n\t\t\t\t<div class=\"elementor-widget-container\">\n\t\t\t\t\t<h2 class=\"elementor-heading-title elementor-size-default\">Gracias por su pago en breve le llegara un correo de confirmaci\u00f3n<\/h2>\t\t\t\t<\/div>\n\t\t\t\t<\/div>\n\t\t\t\t<\/div>\n\t\t\t\t\t<\/div>\n\t\t\t\t<\/div>\n\t\t<div class=\"elementor-element elementor-element-5393bb8 e-flex e-con-boxed jltma-glass-effect-no e-con e-parent\" data-id=\"5393bb8\" data-element_type=\"container\" data-e-type=\"container\" data-settings=\"{&quot;jet_parallax_layout_list&quot;:[]}\">\n\t\t\t\t\t<div class=\"e-con-inner\">\n\t\t<div class=\"elementor-element elementor-element-6a9765d e-con-full e-flex jltma-glass-effect-no e-con e-child\" data-id=\"6a9765d\" data-element_type=\"container\" data-e-type=\"container\" data-settings=\"{&quot;jet_parallax_layout_list&quot;:[]}\">\n\t\t\t\t<div class=\"jet-tooltip-widget elementor-element elementor-element-1ad69a4 jltma-glass-effect-no elementor-widget elementor-widget-html\" role=\"tooltip\" data-jet-tricks-settings=\"{&quot;tooltip&quot;:&quot;true&quot;,&quot;tooltipDescription&quot;:&quot;&lt;p&gt;P\\u00c1GINA ANTERIOR&lt;\\\/p&gt;&quot;,&quot;tooltipPlacement&quot;:&quot;top-start&quot;,&quot;tooltipArrow&quot;:true,&quot;xOffset&quot;:0,&quot;yOffset&quot;:0,&quot;tooltipAnimation&quot;:&quot;scale&quot;,&quot;tooltipTrigger&quot;:&quot;mouseenter&quot;,&quot;zIndex&quot;:999,&quot;appendTo&quot;:&quot;widget&quot;,&quot;customSelector&quot;:&quot;&quot;,&quot;delay&quot;:{&quot;unit&quot;:&quot;px&quot;,&quot;size&quot;:0,&quot;sizes&quot;:[]},&quot;followCursor&quot;:&quot;false&quot;}\" data-id=\"1ad69a4\" data-element_type=\"widget\" data-e-type=\"widget\" data-widget_type=\"html.default\">\n\t\t\t\t<div class=\"elementor-widget-container\">\n\t\t\t\t\t<div id=\"jet-tricks-tooltip-content-1ad69a4\" class=\"jet-tooltip-widget__content\"><p>P\u00c1GINA ANTERIOR<\/p><\/div><!DOCTYPE html>\n<html lang=\"es\">\n<head>\n    <meta charset=\"UTF-8\">\n    <meta name=\"viewport\" content=\"width=device-width, initial-scale=1.0\">\n    <title>Bot\u00f3n de Regreso<\/title>\n    <style>\n        .back-button {\n            display: inline-block;\n            padding: 9px 16px;\n            font-size: 19px;\n            color: #fff;\n            background-color: #6384F1;\n            border: none;\n            border-radius: 5px;\n            cursor: pointer;\n            text-decoration: none;\n        }\n\n        .back-button:hover {\n            background-color: #6384F1;\n        }\n    <\/style>\n<\/head>\n<body>\n    <button class=\"back-button\" onclick=\"history.back()\">\u276e<\/button>\n<\/body>\n<\/html>\t\t\t\t<\/div>\n\t\t\t\t<\/div>\n\t\t\t\t<div class=\"jet-tooltip-widget elementor-element elementor-element-39b4989 jltma-glass-effect-no elementor-widget elementor-widget-button\" role=\"tooltip\" data-jet-tricks-settings=\"{&quot;tooltip&quot;:&quot;true&quot;,&quot;tooltipDescription&quot;:&quot;&lt;p&gt;\\u00a0\\u00a0\\u00a0 P\\u00c1GINA PRINCIPAL&lt;\\\/p&gt;&quot;,&quot;tooltipPlacement&quot;:&quot;top-start&quot;,&quot;tooltipArrow&quot;:true,&quot;xOffset&quot;:0,&quot;yOffset&quot;:0,&quot;tooltipAnimation&quot;:&quot;scale&quot;,&quot;tooltipTrigger&quot;:&quot;mouseenter&quot;,&quot;zIndex&quot;:999,&quot;appendTo&quot;:&quot;widget&quot;,&quot;customSelector&quot;:&quot;&quot;,&quot;delay&quot;:{&quot;unit&quot;:&quot;px&quot;,&quot;size&quot;:0,&quot;sizes&quot;:[]},&quot;followCursor&quot;:&quot;false&quot;}\" data-id=\"39b4989\" data-element_type=\"widget\" data-e-type=\"widget\" data-widget_type=\"button.default\">\n\t\t\t\t<div class=\"elementor-widget-container\">\n\t\t\t\t\t<div id=\"jet-tricks-tooltip-content-39b4989\" class=\"jet-tooltip-widget__content\"><p>\u00a0\u00a0\u00a0 P\u00c1GINA PRINCIPAL<\/p><\/div>\t\t\t\t<div class=\"elementor-button-wrapper\">\n\t\t\t\t\t<a class=\"elementor-button elementor-button-link elementor-size-sm\" href=\"https:\/\/centrodecirugia.org\/en\/\">\n\t\t\t\t\t\t<span class=\"elementor-button-content-wrapper\">\n\t\t\t\t\t\t<span class=\"elementor-button-icon\">\n\t\t\t\t<i aria-hidden=\"true\" class=\"jltma-material-icon jltma-material-icon-home\"><\/i>\t\t\t<\/span>\n\t\t\t\t\t\t\t\t<\/span>\n\t\t\t\t\t<\/a>\n\t\t\t\t<\/div>\n\t\t\t\t\t\t\t\t<\/div>\n\t\t\t\t<\/div>\n\t\t\t\t<div class=\"jet-tooltip-widget elementor-element elementor-element-ac359d1 elementor-align-center jltma-glass-effect-no elementor-widget elementor-widget-button\" role=\"tooltip\" data-jet-tricks-settings=\"{&quot;tooltip&quot;:&quot;true&quot;,&quot;tooltipDescription&quot;:&quot;&lt;p&gt;SUBIR&lt;\\\/p&gt;&quot;,&quot;tooltipPlacement&quot;:&quot;top-start&quot;,&quot;tooltipArrow&quot;:true,&quot;xOffset&quot;:0,&quot;yOffset&quot;:0,&quot;tooltipAnimation&quot;:&quot;scale&quot;,&quot;tooltipTrigger&quot;:&quot;mouseenter&quot;,&quot;zIndex&quot;:999,&quot;appendTo&quot;:&quot;widget&quot;,&quot;customSelector&quot;:&quot;&quot;,&quot;delay&quot;:{&quot;unit&quot;:&quot;px&quot;,&quot;size&quot;:0,&quot;sizes&quot;:[]},&quot;followCursor&quot;:&quot;false&quot;}\" data-id=\"ac359d1\" data-element_type=\"widget\" data-e-type=\"widget\" data-widget_type=\"button.default\">\n\t\t\t\t<div class=\"elementor-widget-container\">\n\t\t\t\t\t<div id=\"jet-tricks-tooltip-content-ac359d1\" class=\"jet-tooltip-widget__content\"><p>SUBIR<\/p><\/div>\t\t\t\t<div class=\"elementor-button-wrapper\">\n\t\t\t\t\t<a class=\"elementor-button elementor-button-link elementor-size-sm\" href=\"#\">\n\t\t\t\t\t\t<span class=\"elementor-button-content-wrapper\">\n\t\t\t\t\t\t<span class=\"elementor-button-icon\">\n\t\t\t\t<svg aria-hidden=\"true\" class=\"e-font-icon-svg e-fas-chevron-up\" viewbox=\"0 0 448 512\" xmlns=\"http:\/\/www.w3.org\/2000\/svg\"><path d=\"M240.971 130.524l194.343 194.343c9.373 9.373 9.373 24.569 0 33.941l-22.667 22.667c-9.357 9.357-24.522 9.375-33.901.04L224 227.495 69.255 381.516c-9.379 9.335-24.544 9.317-33.901-.04l-22.667-22.667c-9.373-9.373-9.373-24.569 0-33.941L207.03 130.525c9.372-9.373 24.568-9.373 33.941-.001z\"><\/path><\/svg>\t\t\t<\/span>\n\t\t\t\t\t\t\t\t<\/span>\n\t\t\t\t\t<\/a>\n\t\t\t\t<\/div>\n\t\t\t\t\t\t\t\t<\/div>\n\t\t\t\t<\/div>\n\t\t\t\t<\/div>\n\t\t\t\t\t<\/div>\n\t\t\t\t<\/div>\n\t\t\t\t<\/div>","protected":false},"excerpt":{"rendered":"<p>Pago realizado Gracias por su pago en breve le llegara un correo de confirmaci\u00f3n P\u00c1GINA ANTERIOR Bot\u00f3n de Regreso \u276e \u00a0\u00a0\u00a0 P\u00c1GINA PRINCIPAL SUBIR<\/p>","protected":false},"author":1,"featured_media":0,"parent":0,"menu_order":0,"comment_status":"closed","ping_status":"closed","template":"","meta":{"_jet_sm_ready_style":"","_jet_sm_style":"","_jet_sm_controls_values":"","_jet_sm_fonts_collection":"","_jet_sm_fonts_links":"","footnotes":""},"categories":[],"tags":[],"class_list":["post-5373","page","type-page","status-publish","hentry"],"aioseo_notices":[],"_links":{"self":[{"href":"https:\/\/centrodecirugia.org\/en\/wp-json\/wp\/v2\/pages\/5373","targetHints":{"allow":["GET"]}}],"collection":[{"href":"https:\/\/centrodecirugia.org\/en\/wp-json\/wp\/v2\/pages"}],"about":[{"href":"https:\/\/centrodecirugia.org\/en\/wp-json\/wp\/v2\/types\/page"}],"author":[{"embeddable":true,"href":"https:\/\/centrodecirugia.org\/en\/wp-json\/wp\/v2\/users\/1"}],"replies":[{"embeddable":true,"href":"https:\/\/centrodecirugia.org\/en\/wp-json\/wp\/v2\/comments?post=5373"}],"version-history":[{"count":19,"href":"https:\/\/centrodecirugia.org\/en\/wp-json\/wp\/v2\/pages\/5373\/revisions"}],"predecessor-version":[{"id":8694,"href":"https:\/\/centrodecirugia.org\/en\/wp-json\/wp\/v2\/pages\/5373\/revisions\/8694"}],"wp:attachment":[{"href":"https:\/\/centrodecirugia.org\/en\/wp-json\/wp\/v2\/media?parent=5373"}],"wp:term":[{"taxonomy":"category","embeddable":true,"href":"https:\/\/centrodecirugia.org\/en\/wp-json\/wp\/v2\/categories?post=5373"},{"taxonomy":"post_tag","embeddable":true,"href":"https:\/\/centrodecirugia.org\/en\/wp-json\/wp\/v2\/tags?post=5373"}],"curies":[{"name":"wp","href":"https:\/\/api.w.org\/{rel}","templated":true}]}}