
{"id":6617,"date":"2024-12-16T13:25:45","date_gmt":"2024-12-16T19:25:45","guid":{"rendered":"https:\/\/centrodecirugia.org\/?page_id=6617"},"modified":"2025-09-25T15:59:00","modified_gmt":"2025-09-25T21:59:00","slug":"testimonio12","status":"publish","type":"page","link":"https:\/\/centrodecirugia.org\/en\/testimonio12\/","title":{"rendered":"Testimonio12"},"content":{"rendered":"<div data-elementor-type=\"wp-page\" data-elementor-id=\"6617\" class=\"elementor elementor-6617\" data-elementor-post-type=\"page\">\n\t\t\t\t\t\t<section class=\"elementor-section elementor-top-section elementor-element elementor-element-57619f14 elementor-section-height-min-height elementor-section-content-middle elementor-section-boxed elementor-section-height-default elementor-section-items-middle jltma-glass-effect-no\" data-id=\"57619f14\" data-element_type=\"section\" data-e-type=\"section\" data-settings=\"{&quot;background_background&quot;:&quot;classic&quot;,&quot;shape_divider_bottom&quot;:&quot;triangle-asymmetrical&quot;,&quot;shape_divider_bottom_negative&quot;:&quot;yes&quot;,&quot;jet_parallax_layout_list&quot;:[]}\">\n\t\t\t\t\t\t\t<div class=\"elementor-background-overlay\"><\/div>\n\t\t\t\t\t\t<div class=\"elementor-shape elementor-shape-bottom\" aria-hidden=\"true\" data-negative=\"true\">\n\t\t\t<svg xmlns=\"http:\/\/www.w3.org\/2000\/svg\" viewbox=\"0 0 1000 100\" preserveaspectratio=\"none\">\n\t<path class=\"elementor-shape-fill\" d=\"M737.9,94.7L0,0v100h1000V0L737.9,94.7z\"\/>\n<\/svg>\t\t<\/div>\n\t\t\t\t\t<div class=\"elementor-container elementor-column-gap-default\">\n\t\t\t\t\t<div class=\"elementor-column elementor-col-50 elementor-top-column elementor-element elementor-element-133bbd35 jltma-glass-effect-no\" data-id=\"133bbd35\" data-element_type=\"column\" data-e-type=\"column\">\n\t\t\t<div class=\"elementor-widget-wrap elementor-element-populated\">\n\t\t\t\t\t\t<div class=\"elementor-element elementor-element-1a47d982 jltma-glass-effect-no elementor-invisible elementor-widget elementor-widget-heading\" data-id=\"1a47d982\" data-element_type=\"widget\" data-e-type=\"widget\" data-settings=\"{&quot;_animation&quot;:&quot;slideInLeft&quot;}\" data-widget_type=\"heading.default\">\n\t\t\t\t<div class=\"elementor-widget-container\">\n\t\t\t\t\t<h2 class=\"elementor-heading-title elementor-size-default\">Testimoniales<\/h2>\t\t\t\t<\/div>\n\t\t\t\t<\/div>\n\t\t\t\t<div class=\"elementor-element elementor-element-1e0ef743 elementor-widget-tablet__width-initial jltma-glass-effect-no elementor-invisible elementor-widget elementor-widget-text-editor\" data-id=\"1e0ef743\" data-element_type=\"widget\" data-e-type=\"widget\" data-settings=\"{&quot;_animation&quot;:&quot;slideInLeft&quot;}\" data-widget_type=\"text-editor.default\">\n\t\t\t\t<div class=\"elementor-widget-container\">\n\t\t\t\t\t\t\t\t\t<p>Las malformaciones o deformidades pueden afectar la calidad de vida, en el CCEM, IAP damos esa atenci\u00f3n m\u00e9dica para minimizar sus efectos<\/p>\t\t\t\t\t\t\t\t<\/div>\n\t\t\t\t<\/div>\n\t\t\t\t\t<\/div>\n\t\t<\/div>\n\t\t\t\t<div class=\"elementor-column elementor-col-50 elementor-top-column elementor-element elementor-element-1232e30b jltma-glass-effect-no\" data-id=\"1232e30b\" data-element_type=\"column\" data-e-type=\"column\">\n\t\t\t<div class=\"elementor-widget-wrap\">\n\t\t\t\t\t\t\t<\/div>\n\t\t<\/div>\n\t\t\t\t\t<\/div>\n\t\t<\/section>\n\t\t\t\t<section class=\"elementor-section elementor-top-section elementor-element elementor-element-4ac01729 elementor-section-boxed elementor-section-height-default elementor-section-height-default jltma-glass-effect-no elementor-invisible\" data-id=\"4ac01729\" data-element_type=\"section\" data-e-type=\"section\" data-settings=\"{&quot;background_background&quot;:&quot;classic&quot;,&quot;jet_parallax_layout_list&quot;:[],&quot;animation&quot;:&quot;fadeInUp&quot;}\">\n\t\t\t\t\t\t<div class=\"elementor-container elementor-column-gap-no\">\n\t\t\t\t\t<div class=\"elementor-column elementor-col-100 elementor-top-column elementor-element elementor-element-693eb5f4 jltma-glass-effect-no\" data-id=\"693eb5f4\" data-element_type=\"column\" data-e-type=\"column\">\n\t\t\t<div class=\"elementor-widget-wrap elementor-element-populated\">\n\t\t\t\t\t\t<div class=\"elementor-element elementor-element-6a3beb0a jltma-glass-effect-no elementor-widget elementor-widget-heading\" data-id=\"6a3beb0a\" data-element_type=\"widget\" data-e-type=\"widget\" data-widget_type=\"heading.default\">\n\t\t\t\t<div class=\"elementor-widget-container\">\n\t\t\t\t\t<h2 class=\"elementor-heading-title elementor-size-default\">Testimonio de:<\/h2>\t\t\t\t<\/div>\n\t\t\t\t<\/div>\n\t\t\t\t<div class=\"elementor-element elementor-element-6f34e27e elementor-widget-divider--view-line jltma-glass-effect-no elementor-widget elementor-widget-divider\" data-id=\"6f34e27e\" data-element_type=\"widget\" data-e-type=\"widget\" data-widget_type=\"divider.default\">\n\t\t\t\t<div class=\"elementor-widget-container\">\n\t\t\t\t\t\t\t<div class=\"elementor-divider\">\n\t\t\t<span class=\"elementor-divider-separator\">\n\t\t\t\t\t\t<\/span>\n\t\t<\/div>\n\t\t\t\t\t\t<\/div>\n\t\t\t\t<\/div>\n\t\t\t\t<div class=\"elementor-element elementor-element-3c5f1e1d jltma-glass-effect-no elementor-widget elementor-widget-text-editor\" data-id=\"3c5f1e1d\" data-element_type=\"widget\" data-e-type=\"widget\" data-widget_type=\"text-editor.default\">\n\t\t\t\t<div class=\"elementor-widget-container\">\n\t\t\t\t\t\t\t\t\t<p>Karla Vanessa Mej\u00eda, mam\u00e1 de Abraham Ian<\/p>\t\t\t\t\t\t\t\t<\/div>\n\t\t\t\t<\/div>\n\t\t\t\t<div class=\"elementor-element elementor-element-59a7b520 ekit-equal-height-disable jltma-glass-effect-no elementor-widget elementor-widget-elementskit-image-box\" data-id=\"59a7b520\" data-element_type=\"widget\" data-e-type=\"widget\" data-widget_type=\"elementskit-image-box.default\">\n\t\t\t\t<div class=\"elementor-widget-container\">\n\t\t\t\t\t<div class=\"ekit-wid-con\" >\n            <div class=\"elementskit-info-image-box ekit-image-box text-center simple-card\" >\n\n                \n                <div class=\"elementskit-box-header image-box-img-center\">\n\n                    <img fetchpriority=\"high\" decoding=\"async\" width=\"989\" height=\"1280\" src=\"https:\/\/centrodecirugia.org\/wp-content\/uploads\/2024\/12\/12-abraham.jpg\" class=\"attachment-full size-full wp-image-6619\" alt=\"\" srcset=\"https:\/\/centrodecirugia.org\/wp-content\/uploads\/2024\/12\/12-abraham.jpg 989w, https:\/\/centrodecirugia.org\/wp-content\/uploads\/2024\/12\/12-abraham-232x300.jpg 232w, https:\/\/centrodecirugia.org\/wp-content\/uploads\/2024\/12\/12-abraham-791x1024.jpg 791w, https:\/\/centrodecirugia.org\/wp-content\/uploads\/2024\/12\/12-abraham-768x994.jpg 768w\" sizes=\"(max-width: 989px) 100vw, 989px\" \/>\n                <\/div>\n                \n                <div class=\"elementskit-box-body ekit-image-box-body\">\n                    <div class=\"elementskit-box-content ekit-image-box-body-inner\">\n                                                            <\/div>\n\n                            <\/div>\n            <\/div>\n    <\/div>\t\t\t\t<\/div>\n\t\t\t\t<\/div>\n\t\t\t\t\t<\/div>\n\t\t<\/div>\n\t\t\t\t\t<\/div>\n\t\t<\/section>\n\t\t<div class=\"elementor-element elementor-element-2490a9d e-flex e-con-boxed jltma-glass-effect-no e-con e-parent\" data-id=\"2490a9d\" data-element_type=\"container\" data-e-type=\"container\" data-settings=\"{&quot;jet_parallax_layout_list&quot;:[]}\">\n\t\t\t\t\t<div class=\"e-con-inner\">\n\t\t<div class=\"elementor-element elementor-element-649b08c e-con-full e-flex jltma-glass-effect-no e-con e-child\" data-id=\"649b08c\" data-element_type=\"container\" data-e-type=\"container\" data-settings=\"{&quot;jet_parallax_layout_list&quot;:[]}\">\n\t\t\t\t<div class=\"jet-tooltip-widget elementor-element elementor-element-78ca0a7 jltma-glass-effect-no elementor-widget elementor-widget-html\" role=\"tooltip\" data-jet-tricks-settings=\"{&quot;tooltip&quot;:&quot;true&quot;,&quot;tooltipDescription&quot;:&quot;&lt;p&gt;P\\u00c1GINA ANTERIOR&lt;\\\/p&gt;&quot;,&quot;tooltipPlacement&quot;:&quot;top-start&quot;,&quot;tooltipArrow&quot;:true,&quot;xOffset&quot;:0,&quot;yOffset&quot;:0,&quot;tooltipAnimation&quot;:&quot;scale&quot;,&quot;tooltipTrigger&quot;:&quot;mouseenter&quot;,&quot;zIndex&quot;:999,&quot;appendTo&quot;:&quot;widget&quot;,&quot;customSelector&quot;:&quot;&quot;,&quot;delay&quot;:{&quot;unit&quot;:&quot;px&quot;,&quot;size&quot;:0,&quot;sizes&quot;:[]},&quot;followCursor&quot;:&quot;false&quot;}\" data-id=\"78ca0a7\" data-element_type=\"widget\" data-e-type=\"widget\" data-widget_type=\"html.default\">\n\t\t\t\t<div class=\"elementor-widget-container\">\n\t\t\t\t\t<div id=\"jet-tricks-tooltip-content-78ca0a7\" class=\"jet-tooltip-widget__content\"><p>P\u00c1GINA ANTERIOR<\/p><\/div><!DOCTYPE html>\n<html lang=\"es\">\n<head>\n    <meta charset=\"UTF-8\">\n    <meta name=\"viewport\" content=\"width=device-width, initial-scale=1.0\">\n    <title>Bot\u00f3n de Regreso<\/title>\n    <style>\n        .back-button {\n            display: inline-block;\n            padding: 9px 16px;\n            font-size: 19px;\n            color: #fff;\n            background-color: #6384F1;\n            border: none;\n            border-radius: 5px;\n            cursor: pointer;\n            text-decoration: none;\n        }\n\n        .back-button:hover {\n            background-color: #6384F1;\n        }\n    <\/style>\n<\/head>\n<body>\n    <button class=\"back-button\" onclick=\"history.back()\">\u276e<\/button>\n<\/body>\n<\/html>\t\t\t\t<\/div>\n\t\t\t\t<\/div>\n\t\t\t\t<div class=\"jet-tooltip-widget elementor-element elementor-element-2a40e26 jltma-glass-effect-no elementor-widget elementor-widget-button\" role=\"tooltip\" data-jet-tricks-settings=\"{&quot;tooltip&quot;:&quot;true&quot;,&quot;tooltipDescription&quot;:&quot;&lt;p&gt;\\u00a0\\u00a0\\u00a0 P\\u00c1GINA PRINCIPAL&lt;\\\/p&gt;&quot;,&quot;tooltipPlacement&quot;:&quot;top-start&quot;,&quot;tooltipArrow&quot;:true,&quot;xOffset&quot;:0,&quot;yOffset&quot;:0,&quot;tooltipAnimation&quot;:&quot;scale&quot;,&quot;tooltipTrigger&quot;:&quot;mouseenter&quot;,&quot;zIndex&quot;:999,&quot;appendTo&quot;:&quot;widget&quot;,&quot;customSelector&quot;:&quot;&quot;,&quot;delay&quot;:{&quot;unit&quot;:&quot;px&quot;,&quot;size&quot;:0,&quot;sizes&quot;:[]},&quot;followCursor&quot;:&quot;false&quot;}\" data-id=\"2a40e26\" data-element_type=\"widget\" data-e-type=\"widget\" data-widget_type=\"button.default\">\n\t\t\t\t<div class=\"elementor-widget-container\">\n\t\t\t\t\t<div id=\"jet-tricks-tooltip-content-2a40e26\" class=\"jet-tooltip-widget__content\"><p>\u00a0\u00a0\u00a0 P\u00c1GINA PRINCIPAL<\/p><\/div>\t\t\t\t<div class=\"elementor-button-wrapper\">\n\t\t\t\t\t<a class=\"elementor-button elementor-button-link elementor-size-sm\" href=\"https:\/\/centrodecirugia.org\/en\/\">\n\t\t\t\t\t\t<span class=\"elementor-button-content-wrapper\">\n\t\t\t\t\t\t<span class=\"elementor-button-icon\">\n\t\t\t\t<i aria-hidden=\"true\" class=\"jltma-material-icon jltma-material-icon-home\"><\/i>\t\t\t<\/span>\n\t\t\t\t\t\t\t\t<\/span>\n\t\t\t\t\t<\/a>\n\t\t\t\t<\/div>\n\t\t\t\t\t\t\t\t<\/div>\n\t\t\t\t<\/div>\n\t\t\t\t<div class=\"jet-tooltip-widget elementor-element elementor-element-5a342c1 elementor-align-center jltma-glass-effect-no elementor-widget elementor-widget-button\" role=\"tooltip\" data-jet-tricks-settings=\"{&quot;tooltip&quot;:&quot;true&quot;,&quot;tooltipDescription&quot;:&quot;&lt;p&gt;SUBIR&lt;\\\/p&gt;&quot;,&quot;tooltipPlacement&quot;:&quot;top-start&quot;,&quot;tooltipArrow&quot;:true,&quot;xOffset&quot;:0,&quot;yOffset&quot;:0,&quot;tooltipAnimation&quot;:&quot;scale&quot;,&quot;tooltipTrigger&quot;:&quot;mouseenter&quot;,&quot;zIndex&quot;:999,&quot;appendTo&quot;:&quot;widget&quot;,&quot;customSelector&quot;:&quot;&quot;,&quot;delay&quot;:{&quot;unit&quot;:&quot;px&quot;,&quot;size&quot;:0,&quot;sizes&quot;:[]},&quot;followCursor&quot;:&quot;false&quot;}\" data-id=\"5a342c1\" data-element_type=\"widget\" data-e-type=\"widget\" data-widget_type=\"button.default\">\n\t\t\t\t<div class=\"elementor-widget-container\">\n\t\t\t\t\t<div id=\"jet-tricks-tooltip-content-5a342c1\" class=\"jet-tooltip-widget__content\"><p>SUBIR<\/p><\/div>\t\t\t\t<div class=\"elementor-button-wrapper\">\n\t\t\t\t\t<a class=\"elementor-button elementor-button-link elementor-size-sm\" href=\"#\">\n\t\t\t\t\t\t<span class=\"elementor-button-content-wrapper\">\n\t\t\t\t\t\t<span class=\"elementor-button-icon\">\n\t\t\t\t<svg aria-hidden=\"true\" class=\"e-font-icon-svg e-fas-chevron-up\" viewbox=\"0 0 448 512\" xmlns=\"http:\/\/www.w3.org\/2000\/svg\"><path d=\"M240.971 130.524l194.343 194.343c9.373 9.373 9.373 24.569 0 33.941l-22.667 22.667c-9.357 9.357-24.522 9.375-33.901.04L224 227.495 69.255 381.516c-9.379 9.335-24.544 9.317-33.901-.04l-22.667-22.667c-9.373-9.373-9.373-24.569 0-33.941L207.03 130.525c9.372-9.373 24.568-9.373 33.941-.001z\"><\/path><\/svg>\t\t\t<\/span>\n\t\t\t\t\t\t\t\t<\/span>\n\t\t\t\t\t<\/a>\n\t\t\t\t<\/div>\n\t\t\t\t\t\t\t\t<\/div>\n\t\t\t\t<\/div>\n\t\t\t\t<\/div>\n\t\t\t\t\t<\/div>\n\t\t\t\t<\/div>\n\t\t\t\t<\/div>","protected":false},"excerpt":{"rendered":"<p>Testimoniales Las malformaciones o deformidades pueden afectar la calidad de vida, en el CCEM, IAP damos esa atenci\u00f3n m\u00e9dica para minimizar sus efectos Testimonio de: Karla Vanessa Mej\u00eda, mam\u00e1 de Abraham Ian P\u00c1GINA ANTERIOR Bot\u00f3n de Regreso \u276e \u00a0\u00a0\u00a0 P\u00c1GINA PRINCIPAL SUBIR<\/p>","protected":false},"author":1,"featured_media":0,"parent":0,"menu_order":0,"comment_status":"closed","ping_status":"closed","template":"","meta":{"_jet_sm_ready_style":"","_jet_sm_style":"","_jet_sm_controls_values":"","_jet_sm_fonts_collection":"","_jet_sm_fonts_links":"","footnotes":""},"categories":[49],"tags":[],"class_list":["post-6617","page","type-page","status-publish","hentry","category-testimoniales"],"aioseo_notices":[],"_links":{"self":[{"href":"https:\/\/centrodecirugia.org\/en\/wp-json\/wp\/v2\/pages\/6617","targetHints":{"allow":["GET"]}}],"collection":[{"href":"https:\/\/centrodecirugia.org\/en\/wp-json\/wp\/v2\/pages"}],"about":[{"href":"https:\/\/centrodecirugia.org\/en\/wp-json\/wp\/v2\/types\/page"}],"author":[{"embeddable":true,"href":"https:\/\/centrodecirugia.org\/en\/wp-json\/wp\/v2\/users\/1"}],"replies":[{"embeddable":true,"href":"https:\/\/centrodecirugia.org\/en\/wp-json\/wp\/v2\/comments?post=6617"}],"version-history":[{"count":7,"href":"https:\/\/centrodecirugia.org\/en\/wp-json\/wp\/v2\/pages\/6617\/revisions"}],"predecessor-version":[{"id":8743,"href":"https:\/\/centrodecirugia.org\/en\/wp-json\/wp\/v2\/pages\/6617\/revisions\/8743"}],"wp:attachment":[{"href":"https:\/\/centrodecirugia.org\/en\/wp-json\/wp\/v2\/media?parent=6617"}],"wp:term":[{"taxonomy":"category","embeddable":true,"href":"https:\/\/centrodecirugia.org\/en\/wp-json\/wp\/v2\/categories?post=6617"},{"taxonomy":"post_tag","embeddable":true,"href":"https:\/\/centrodecirugia.org\/en\/wp-json\/wp\/v2\/tags?post=6617"}],"curies":[{"name":"wp","href":"https:\/\/api.w.org\/{rel}","templated":true}]}}